{"id":104,"date":"2021-10-25T22:44:09","date_gmt":"2021-10-25T20:44:09","guid":{"rendered":"http:\/\/paliers95.org\/?page_id=104"},"modified":"2021-10-25T22:44:09","modified_gmt":"2021-10-25T20:44:09","slug":"sorties-club","status":"publish","type":"page","link":"https:\/\/paliers95.org\/index.php\/sorties-club\/","title":{"rendered":"Sorties club"},"content":{"rendered":"\n<h1 class=\"wp-block-heading\"><\/h1>\n\n\n\n<h2 class=\"wp-block-heading\">Week-end de plong\u00e9es en milieu naturel<\/h2>\n\n\n\n<p>Chaque ann\u00e9e, il y a au moins deux&nbsp;<strong>sorties<\/strong>&nbsp;organis\u00e9es par le&nbsp;<strong>club<\/strong>.<\/p>\n\n\n\n<ul class=\"wp-block-list\"><li>La premi\u00e8re, un week-end durant l\u2019automne, r\u00e9serv\u00e9e aux moniteurs et aux plongeurs aguerris (places limit\u00e9es).<\/li><li>La deuxi\u00e8me, en g\u00e9n\u00e9ral 3 jours fin mai \/ d\u00e9but juin, au soleil dans le sud, pour tout le monde.<\/li><\/ul>\n\n\n\n<p>Sans compter un ou deux week-end d\u00e9but mai pour faire passer les niveaux, le plus souvent dans des carri\u00e8res immerg\u00e9es du cot\u00e9 d\u2019Angers.<\/p>\n\n\n\n<p>En fonction du temps disponible et des volontaires, des&nbsp;<strong>sorties<\/strong>&nbsp;suppl\u00e9mentaires peuvent s\u2019organiser entre plongeurs. N\u2019h\u00e9sitez pas \u00e0 vous proposer \u00e0 l\u2019organisation !<\/p>\n\n\n\n<p>Beaucoup de&nbsp;<strong>sorties<\/strong>&nbsp;ont d\u00e9j\u00e0 \u00e9t\u00e9 organis\u00e9es depuis la cr\u00e9ation du&nbsp;<strong>club<\/strong>. Certaines d\u2019entre elles ont \u00e9t\u00e9 immortalis\u00e9es \u00e0 travers les yeux de nos photographes amateurs. Les membres du&nbsp;<strong>club<\/strong>&nbsp;ont acc\u00e8s \u00e0 un album photo en ligne. Ce sera pour certains l\u2019occasion de&nbsp;revivre des bons souvenirs de passages de niveaux ou tout simplement d\u2019explorations entre camarades de plong\u00e9e, peut-\u00eatre m\u00eame vos premi\u00e8res bulles en mer\u2026<\/p>\n\n\n\n<h2 class=\"wp-block-heading\">Sortie nage en eau vive<\/h2>\n\n\n\n<p>Nous essayons d\u2019organiser chaque ann\u00e9e une demi-journ\u00e9e pour d\u00e9couvrir ou se perfectionner \u00e0 la nage en eau vive. Cela se passe sur la rivi\u00e8re artificielle des \u00e9tangs de Cergy.<\/p>\n","protected":false},"excerpt":{"rendered":"<p>Week-end de plong\u00e9es en milieu naturel Chaque ann\u00e9e, il y a au moins deux&nbsp;sorties&nbsp;organis\u00e9es par le&nbsp;club. La premi\u00e8re, un week-end durant l\u2019automne, r\u00e9serv\u00e9e aux moniteurs et aux plongeurs aguerris (places limit\u00e9es). La deuxi\u00e8me, en g\u00e9n\u00e9ral 3 jours fin mai \/ d\u00e9but juin, au soleil dans le sud, pour tout le monde. Sans compter un ou &hellip; <\/p>\n<p class=\"link-more\"><a href=\"https:\/\/paliers95.org\/index.php\/sorties-club\/\" class=\"more-link\">Continuer la lecture<span class=\"screen-reader-text\"> de &laquo;&nbsp;Sorties club&nbsp;&raquo;<\/span><\/a><\/p>\n","protected":false},"author":1,"featured_media":0,"parent":0,"menu_order":0,"comment_status":"closed","ping_status":"closed","template":"","meta":{"om_disable_all_campaigns":false,"_monsterinsights_skip_tracking":false,"_monsterinsights_sitenote_active":false,"_monsterinsights_sitenote_note":"","_monsterinsights_sitenote_category":0,"footnotes":""},"class_list":["post-104","page","type-page","status-publish","hentry"],"aioseo_notices":[],"_links":{"self":[{"href":"https:\/\/paliers95.org\/index.php\/wp-json\/wp\/v2\/pages\/104","targetHints":{"allow":["GET"]}}],"collection":[{"href":"https:\/\/paliers95.org\/index.php\/wp-json\/wp\/v2\/pages"}],"about":[{"href":"https:\/\/paliers95.org\/index.php\/wp-json\/wp\/v2\/types\/page"}],"author":[{"embeddable":true,"href":"https:\/\/paliers95.org\/index.php\/wp-json\/wp\/v2\/users\/1"}],"replies":[{"embeddable":true,"href":"https:\/\/paliers95.org\/index.php\/wp-json\/wp\/v2\/comments?post=104"}],"version-history":[{"count":1,"href":"https:\/\/paliers95.org\/index.php\/wp-json\/wp\/v2\/pages\/104\/revisions"}],"predecessor-version":[{"id":105,"href":"https:\/\/paliers95.org\/index.php\/wp-json\/wp\/v2\/pages\/104\/revisions\/105"}],"wp:attachment":[{"href":"https:\/\/paliers95.org\/index.php\/wp-json\/wp\/v2\/media?parent=104"}],"curies":[{"name":"wp","href":"https:\/\/api.w.org\/{rel}","templated":true}]}}