{"id":57,"date":"2021-10-25T19:23:29","date_gmt":"2021-10-25T17:23:29","guid":{"rendered":"http:\/\/paliers95.org\/?page_id=57"},"modified":"2025-08-25T10:35:09","modified_gmt":"2025-08-25T08:35:09","slug":"nous-contacter","status":"publish","type":"page","link":"https:\/\/paliers95.org\/index.php\/nous-contacter\/","title":{"rendered":"Nous contacter"},"content":{"rendered":"\n<p>Si vous souhaitez&nbsp;<strong>nous<\/strong>&nbsp;<strong>contacter<\/strong>, merci de vous adresser aux personnes suivantes :<\/p>\n\n\n\n<ul class=\"wp-block-list\">\n<li>Informations g\u00e9n\u00e9rales, vie du club, plong\u00e9es :<\/li>\n\n\n\n<li>Bureau :\n<ul class=\"wp-block-list\">\n<li>Eric\u00a0\u2013 Pr\u00e9sident \u2013 Email :\u00a0<a href=\"mailto:president@paliers95.org\">president<\/a>@admin6484<\/li>\n\n\n\n<li>Adrien \u2013 Secr\u00e9taire &#8211; Email :\u00a0<a href=\"mailto:secretaire@paliers95.org\">secretaire@paliers95.org<\/a><\/li>\n\n\n\n<li>Didier \u2013 Tr\u00e9sorier \u2013 Email:\u00a0\u00a0<a href=\"mailto:tresorier@paliers95.org\">tresorier@paliers95.org<\/a><\/li>\n<\/ul>\n<\/li>\n\n\n\n<li>Commissions\n<ul class=\"wp-block-list\">\n<li>Thierry \u2013 Responsable mat\u00e9riel \u2013 Email :&nbsp;<a href=\"mailto:materiel@paliers95.org\">materiel@paliers95.org<\/a><\/li>\n\n\n\n<li>Alice \u2013 Responsable des sorties \u2013 Email :\u00a0<a href=\"mailto:sorties@paliers95.org\">sorties@paliers95.org<\/a><\/li>\n\n\n\n<li>Olivier \u2013 Responsable PSP \u2013 Email :\u00a0<a href=\"mailto:psp@paliers95.org\">psp@paliers95.org<\/a><\/li>\n<\/ul>\n<\/li>\n<\/ul>\n\n\n\n<p><\/p>\n\n\n\n<ul class=\"wp-block-list\">\n<li>Gestion du site web, diffusion de l\u2019actualit\u00e9, gestion des mailing lists :<br>Eric \u2013 Webmaster \u2013 Email:&nbsp;&nbsp;<a href=\"mailto:webmaster@paliers95.org\">webmaster@paliers95.org<\/a><\/li>\n<\/ul>\n","protected":false},"excerpt":{"rendered":"<p>Si vous souhaitez&nbsp;nous&nbsp;contacter, merci de vous adresser aux personnes suivantes :<\/p>\n","protected":false},"author":1,"featured_media":0,"parent":0,"menu_order":0,"comment_status":"closed","ping_status":"closed","template":"","meta":{"om_disable_all_campaigns":false,"_monsterinsights_skip_tracking":false,"_monsterinsights_sitenote_active":false,"_monsterinsights_sitenote_note":"","_monsterinsights_sitenote_category":0,"footnotes":""},"class_list":["post-57","page","type-page","status-publish","hentry"],"aioseo_notices":[],"_links":{"self":[{"href":"https:\/\/paliers95.org\/index.php\/wp-json\/wp\/v2\/pages\/57","targetHints":{"allow":["GET"]}}],"collection":[{"href":"https:\/\/paliers95.org\/index.php\/wp-json\/wp\/v2\/pages"}],"about":[{"href":"https:\/\/paliers95.org\/index.php\/wp-json\/wp\/v2\/types\/page"}],"author":[{"embeddable":true,"href":"https:\/\/paliers95.org\/index.php\/wp-json\/wp\/v2\/users\/1"}],"replies":[{"embeddable":true,"href":"https:\/\/paliers95.org\/index.php\/wp-json\/wp\/v2\/comments?post=57"}],"version-history":[{"count":4,"href":"https:\/\/paliers95.org\/index.php\/wp-json\/wp\/v2\/pages\/57\/revisions"}],"predecessor-version":[{"id":899,"href":"https:\/\/paliers95.org\/index.php\/wp-json\/wp\/v2\/pages\/57\/revisions\/899"}],"wp:attachment":[{"href":"https:\/\/paliers95.org\/index.php\/wp-json\/wp\/v2\/media?parent=57"}],"curies":[{"name":"wp","href":"https:\/\/api.w.org\/{rel}","templated":true}]}}