{"id":63,"date":"2021-10-25T20:46:24","date_gmt":"2021-10-25T18:46:24","guid":{"rendered":"http:\/\/paliers95.org\/?page_id=63"},"modified":"2021-10-25T20:46:24","modified_gmt":"2021-10-25T18:46:24","slug":"temoignages","status":"publish","type":"page","link":"https:\/\/paliers95.org\/index.php\/temoignages\/","title":{"rendered":"T\u00e9moignages"},"content":{"rendered":"\n<h1 class=\"wp-block-heading\"><\/h1>\n\n\n\n<h1 class=\"wp-block-heading\"><a href=\"https:\/\/paliers95.org\/wp-content\/uploads\/2014\/11\/temoignages.jpeg\"><\/a><\/h1>\n\n\n\n<h1 class=\"wp-block-heading\">T\u00e9moignage de Willy suite au stage plong\u00e9e en Mai 2014.<\/h1>\n\n\n\n<p>Ch\u00e8res plongeuses, chers plongeurs,<\/p>\n\n\n\n<p>De retour du s\u00e9jour en Corse (du 4 au 8 mai 2014), je ne peux qu\u2019\u00eatre ravi par cette escapade sur l\u2019\u00eele de beaut\u00e9 o\u00f9 l\u2019on a d\u00e9couvert de magnifiques fonds marins et de superbes vues ensoleill\u00e9es sur le golf d\u2019Ajaccio.<\/p>\n\n\n\n<p>Aussi je pense que nous nous souviendrons tous de cette sortie du mercredi matin o\u00f9 nous sommes \u00ab&nbsp;accueillis&nbsp;\u00bb sur le site de plong\u00e9e par les dauphins!!! Nous \u00e9tions tous debout sur le bateau et TOUS sans voix !!! C \u2018est dire la magie de cet instant.<\/p>\n\n\n\n<p>Bien sur chacun des participants de ce voyage est reparti avec ses propres souvenirs mais il faut savoir que cette excursion n\u2019aurait pu avoir lieu sans ses organisateurs: Christophe Lasfarge et Olivier Durand.<br>Donc un GRAND MERCI a eux pour le temps pass\u00e9 a organiser \u00e0 distance ce voyage et la patience qu\u2019ils ont eu pour r\u00e9gler les d\u00e9tails de derni\u00e8re minute (et oui y\u2019en a en souvenir, souvenir , \u2026!!!)<\/p>\n\n\n\n<p>Le groupe de cette sortie \u00e9tait l\u00e0 pour pr\u00e9parer ou passer un niveau ou simplement par plaisir de buller !!!\u2026<br>Personnellement \u00e0 la fin de ce s\u00e9jour Christophe et Olivier m\u2019ont valid\u00e9 l\u2019examen pratique du niveau 2 que je pr\u00e9parais et reste donc la th\u00e9orie, affaire \u00e0 suivre \u2026!!!<\/p>\n\n\n\n<p>Si la fin du s\u00e9jour se termine par des r\u00e9sultats aussi encourageant, c\u2019est que derri\u00e8re les 2 moniteurs de cette excursion, qui nous ont donn\u00e9 leurs conseils, leur savoirs et leur formation, se trouve avec eux, au sein du Club Palier 95 toute une \u00e9quipe comp\u00e9tente qui mettent leur temps, leurs comp\u00e9tences et leurs \u00e9nergies pour que nous, les adh\u00e9rents, puissions \u00e9voluer au sein de ce loisir qui est : la plong\u00e9e !!!<\/p>\n\n\n\n<p>Je ne peux citer chaque moniteur ou chaque membre du bureau du Club afin d\u2019\u00e9viter d\u2019en oublier mais pour ma part je voudrais remercier chaleureusement les formateurs du niveau 2 que je pr\u00e9parais, Sylvie et Daniel ainsi que Marc pour la nage du mercredi et donc plus g\u00e9n\u00e9ralement un GRAND MERCI \u00e0 tous sans exception.<\/p>\n\n\n\n<p>Longue vie \u00e0 ce club Palier 95 pour que buller reste un plaisir partag\u00e9.<\/p>\n\n\n\n<p>Willy<\/p>\n\n\n\n<h1 class=\"wp-block-heading\">Escapade automnale par Ahmed en Septembre 2013<\/h1>\n\n\n\n<p>L\u2019automne a commenc\u00e9 pour nous \u00e0 Th\u00e9oule sur mer. Il faisait encore bon et doux sur la M\u00e9diterran\u00e9e qui ressemblait \u00e0 une v\u00e9ritable mer d\u2019huile.<\/p>\n\n\n\n<p>Nous \u00e9tions log\u00e9s \u00e0 la Villa Sainte-Camille dont la devise est \u00ab&nbsp;l\u2019Autre est n\u00f4tre&nbsp;\u00bb o\u00f9 cohabitent des vacanciers, des personnes en difficult\u00e9s et des retrait\u00e9s.<br>Nous n\u2019oublierons pas notre \u00ab&nbsp;gendarmette&nbsp;\u00bb, une pensionnaire de 85 ans, qui, toujours coiff\u00e9e d\u2019un petit b\u00e9ret, aimait bien discuter avec les nouveaux visages. Le dernier jour, elle nous a chant\u00e9 une petite chanson vantant les qualit\u00e9s des cuisiniers de la villa.<\/p>\n\n\n\n<p>Il faut dire que les repas \u00e9taient copieux et qu\u2019un plongeur a besoin de bien s\u2019alimenter.<br>Le matin, c\u2019est le soleil sur la grande bleue qui nous r\u00e9veillait. En effet, toutes les chambres donnaient sur une terrasse avec une vue sur la baie de Cannes et le massif de l\u2019Est\u00e9rel. Une fois le d\u00e9jeuner pris, nous nous rendions au centre de plong\u00e9e de la Rague qui b\u00e9n\u00e9ficie d\u2019une situation privil\u00e9gi\u00e9e sur la C\u00f4te d\u2019Azur, en Baie de Cannes entre Mandelieu et Th\u00e9oule-sur-Mer, face aux iles du L\u00e9rins et en bordure de la r\u00e9serve naturelle de l\u2019Est\u00e9rel.<\/p>\n\n\n\n<p>Un club responsable qui sait conjuguer convivialit\u00e9, s\u00e9rieux et expertise sans n\u00e9gliger aussi la s\u00e9curit\u00e9 \u00e0 la surface pour chaque sortie. Dans le bateau, nous avions tout le temps pour nous \u00e9quiper afin de plonger&nbsp;dans une mer calme aux eaux limpides, sur de superbes sites, Certains ont profit\u00e9 \u00e9galement de ce s\u00e9jour pour passer leur niveau 3, d\u2019autres pour s\u2019initier au nitrox \u00e9l\u00e9mentaire et les plus exp\u00e9riment\u00e9s au confirm\u00e9.<\/p>\n\n\n\n<p>La veille de notre d\u00e9part, autour d\u2019une pizza nous avons f\u00eat\u00e9 la fin de ce s\u00e9jour, remerci\u00e9 chaleureusement Eric et Christophe, les heureux organisateurs et commencions d\u00e9j\u00e0 \u00e0 r\u00eaver \u00e0 quelques endroits pour nos prochaines plong\u00e9es.<\/p>\n\n\n\n<p>&nbsp;Ahmed<\/p>\n","protected":false},"excerpt":{"rendered":"<p>T\u00e9moignage de Willy suite au stage plong\u00e9e en Mai 2014. Ch\u00e8res plongeuses, chers plongeurs, De retour du s\u00e9jour en Corse (du 4 au 8 mai 2014), je ne peux qu\u2019\u00eatre ravi par cette escapade sur l\u2019\u00eele de beaut\u00e9 o\u00f9 l\u2019on a d\u00e9couvert de magnifiques fonds marins et de superbes vues ensoleill\u00e9es sur le golf d\u2019Ajaccio. &hellip; <\/p>\n<p class=\"link-more\"><a href=\"https:\/\/paliers95.org\/index.php\/temoignages\/\" class=\"more-link\">Continuer la lecture<span class=\"screen-reader-text\"> de &laquo;&nbsp;T\u00e9moignages&nbsp;&raquo;<\/span><\/a><\/p>\n","protected":false},"author":1,"featured_media":0,"parent":0,"menu_order":0,"comment_status":"closed","ping_status":"closed","template":"","meta":{"om_disable_all_campaigns":false,"_monsterinsights_skip_tracking":false,"_monsterinsights_sitenote_active":false,"_monsterinsights_sitenote_note":"","_monsterinsights_sitenote_category":0,"footnotes":""},"class_list":["post-63","page","type-page","status-publish","hentry"],"aioseo_notices":[],"_links":{"self":[{"href":"https:\/\/paliers95.org\/index.php\/wp-json\/wp\/v2\/pages\/63","targetHints":{"allow":["GET"]}}],"collection":[{"href":"https:\/\/paliers95.org\/index.php\/wp-json\/wp\/v2\/pages"}],"about":[{"href":"https:\/\/paliers95.org\/index.php\/wp-json\/wp\/v2\/types\/page"}],"author":[{"embeddable":true,"href":"https:\/\/paliers95.org\/index.php\/wp-json\/wp\/v2\/users\/1"}],"replies":[{"embeddable":true,"href":"https:\/\/paliers95.org\/index.php\/wp-json\/wp\/v2\/comments?post=63"}],"version-history":[{"count":1,"href":"https:\/\/paliers95.org\/index.php\/wp-json\/wp\/v2\/pages\/63\/revisions"}],"predecessor-version":[{"id":64,"href":"https:\/\/paliers95.org\/index.php\/wp-json\/wp\/v2\/pages\/63\/revisions\/64"}],"wp:attachment":[{"href":"https:\/\/paliers95.org\/index.php\/wp-json\/wp\/v2\/media?parent=63"}],"curies":[{"name":"wp","href":"https:\/\/api.w.org\/{rel}","templated":true}]}}