{"id":65,"date":"2021-10-25T20:48:23","date_gmt":"2021-10-25T18:48:23","guid":{"rendered":"http:\/\/paliers95.org\/?page_id=65"},"modified":"2025-08-25T16:13:39","modified_gmt":"2025-08-25T14:13:39","slug":"inscriptions","status":"publish","type":"page","link":"https:\/\/paliers95.org\/index.php\/inscriptions\/","title":{"rendered":"Inscriptions"},"content":{"rendered":"\n<h1 class=\"wp-block-heading\"><\/h1>\n\n\n\n<h2 class=\"wp-block-heading\">1 \u2013 CONDITIONS D\u2019<strong>INSCRIPTION<\/strong><\/h2>\n\n\n\n<ul class=\"wp-block-list\">\n<li><strong>Savoir nager<\/strong><\/li>\n\n\n\n<li>Avoir 18 ans r\u00e9volus au moment de l\u2019<strong>inscription<\/strong>&nbsp;pour la section adulte et 8 ans pour la section enfant<\/li>\n\n\n\n<li>Rendre la fiche d\u2019<strong>inscription<\/strong>&nbsp;d\u00fbment remplie et sign\u00e9e accompagn\u00e9e des documents obligatoires<\/li>\n\n\n\n<li>Produire un certificat m\u00e9dical constatant la non contre-indication \u00e0 la pratique de la plong\u00e9e sous-marine (voir plus loin le paragraphe 4 concernant la visite m\u00e9dicale)<\/li>\n\n\n\n<li>Pr\u00e9senter une autorisation parentale pour les personnes mineures<\/li>\n\n\n\n<li>Verser la cotisation annuelle<\/li>\n\n\n\n<li>Pour tout nouvel adh\u00e9rent ancien plongeur : pr\u00e9senter son dipl\u00f4me le plus r\u00e9cent et son carnet de plong\u00e9e au moniteur encadrant du club<\/li>\n\n\n\n<li>Rendre le coupon d\u00e9tachable du r\u00e8glement int\u00e9rieur d\u00fbment dat\u00e9 et sign\u00e9 apr\u00e8s en avoir pris connaissance.<\/li>\n<\/ul>\n\n\n\n<p>Documents pour la saison 2025-2026 :<br><a href=\"https:\/\/paliers95.org\/wp-content\/uploads\/2025\/08\/Fiche-Inscription-2025-2026.pdf\" target=\"_blank\" rel=\"noreferrer noopener\">Fiche d&rsquo;inscription<\/a><br><a href=\"https:\/\/paliers95.org\/wp-content\/uploads\/2025\/08\/Formulaire-renouvellement-ADHESION-ETANGS-DE-CERGY-2025-2026.pdf\" target=\"_blank\" rel=\"noreferrer noopener\">Adh\u00e9sion pour la nage \u00e0 l&rsquo;ile aux loisirs<\/a> (Saison 2025-2026)<\/p>\n\n\n\n<p>Inscription via <a href=\"https:\/\/www.helloasso.com\/associations\/paliers95\/adhesions\/formulaire-adhesion-2025-2026\" target=\"_blank\" rel=\"noreferrer noopener\">HelloAsso<\/a><\/p>\n\n\n\n<h2 class=\"wp-block-heading\">2 \u2013 R\u00c8GLEMENT<\/h2>\n\n\n\n<ul class=\"wp-block-list\">\n<li>Chaque personne doit compl\u00e9ter sa fiche d\u2019<strong>inscription<\/strong><\/li>\n\n\n\n<li>L\u2019adh\u00e9rent s\u2019engage \u00e0 respecter le r\u00e8glement int\u00e9rieur du club et notamment les dispositions prises par les personnes charg\u00e9es de l\u2019enseignement.<\/li>\n\n\n\n<li><a href=\"https:\/\/paliers95.org\/wp-content\/uploads\/2025\/08\/reglement-interieur-paliers95.pdf\" target=\"_blank\" rel=\"noreferrer noopener\">R\u00e8glement int\u00e9rieur&nbsp;<strong>Paliers<\/strong>&nbsp;<strong>95<\/strong><\/a><\/li>\n<\/ul>\n\n\n\n<h2 class=\"wp-block-heading\">3 \u2013 COTISATION<\/h2>\n\n\n\n<p>Elle permet de couvrir :<\/p>\n\n\n\n<ul class=\"wp-block-list\">\n<li>Les frais de fonctionnement du club<\/li>\n\n\n\n<li>L\u2019achat et l\u2019entretien du mat\u00e9riel collectif<\/li>\n\n\n\n<li>La recharge des bouteilles<\/li>\n\n\n\n<li>L\u2019instruction<\/li>\n\n\n\n<li>La d\u00e9livrance des brevets et licences de la FFESSM<\/li>\n<\/ul>\n\n\n\n<p>Elle ouvre droit \u00e0 :<\/p>\n\n\n\n<ul class=\"wp-block-list\">\n<li>L\u2019entr\u00e9e \u00e0 la piscine (les jours d\u2019entra\u00eenement du club)<\/li>\n\n\n\n<li>L\u2019entra\u00eenement de la nage avec palmes sur longue distance \u00e0 la base de Loisirs de Cergy-Neuville (hors frais de parking)<\/li>\n\n\n\n<li>L\u2019assurance f\u00e9d\u00e9rale<\/li>\n<\/ul>\n\n\n\n<h2 class=\"wp-block-heading\">4 \u2013 ASSURANCE<\/h2>\n\n\n\n<p>De par la licence, une assurance responsabilit\u00e9 civile est octroy\u00e9e \u00e0 tout membre individuel de la F\u00e9d\u00e9ration.<\/p>\n\n\n\n<p>De plus, une assurance compl\u00e9mentaire garantie l\u2019assistance et couvre diff\u00e9rents frais comme :<\/p>\n\n\n\n<ul class=\"wp-block-list\">\n<li>le capital d\u00e9c\u00e8s<\/li>\n\n\n\n<li>le capital invalidit\u00e9 permanente<\/li>\n<\/ul>\n\n\n\n<p>Cette assurance compl\u00e9mentaire est donc obligatoire pour toute personne d\u00e9sirant :<\/p>\n\n\n\n<ul class=\"wp-block-list\">\n<li>passer diff\u00e9rents brevets f\u00e9d\u00e9raux<\/li>\n\n\n\n<li>plonger en mer et de surcro\u00eet en eau lointaine<\/li>\n\n\n\n<li>est fortement conseill\u00e9e pour la piscine<\/li>\n<\/ul>\n\n\n\n<p>Il y a plusieurs types d\u2019assurance <\/p>\n\n\n\n<ul class=\"wp-block-list\">\n<li>Loisir 1, 2 ou 3 (niveau de prise en charge differents)<\/li>\n\n\n\n<li>Top Loisir 1,2 ou 3 (prise en compte de l&rsquo;assurance pour les voyages des plongeurs)<\/li>\n<\/ul>\n\n\n\n<p>Pour en savoir plus,&nbsp;<a href=\"https:\/\/ffessm.fr\/gerer\/assurance\" target=\"_blank\" rel=\"noreferrer noopener\">voir la page assurance sur le site de la FFESSM<\/a>.<\/p>\n\n\n\n<p>Chaque adh\u00e9rent peut, gr\u00e2ce \u00e0 sa licence, b\u00e9n\u00e9ficier d\u2019un tarif pr\u00e9f\u00e9rentiel pour son abonnement bimestriel \u00e0 la revue f\u00e9d\u00e9rale SUBAQUA.<\/p>\n\n\n\n<h2 class=\"wp-block-heading\">4 \u2013 VISITE M\u00c9DICALE<\/h2>\n\n\n\n<ul class=\"wp-block-list\">\n<li><a href=\"https:\/\/ffessm.fr\/pratiquer\/le-certificat-medical\" target=\"_blank\" rel=\"noreferrer noopener\">Le certificat m\u00e9dical | FFESSM<\/a> (toutes les informations de la f\u00e9d\u00e9ration)<\/li>\n\n\n\n<li><a href=\"https:\/\/ffessm.fr\/uploads\/media\/docs\/0001\/13\/36282b50927bd779937cb409bb56285f2959c613.pdf\" target=\"_blank\" rel=\"noreferrer noopener\">Certicat medical F\u00e9d\u00e9ral de plongee<\/a> (Mod\u00e8le en vigueur \u00e0 telecharger)<\/li>\n\n\n\n<li><a href=\"https:\/\/www.ffessm95.fr\/les-medecins-federaux-du-95\/\" target=\"_blank\" rel=\"noreferrer noopener\">La liste des m\u00e9decins f\u00e9d\u00e9raux du Val d\u2019Oise<\/a><\/li>\n<\/ul>\n\n\n\n<p>A l\u2019issue du rendez-vous,<strong>&nbsp;vous obtiendrez un certificat de non contre-indication \u00e0 la pratique des activit\u00e9s subaquatiques<\/strong>.<br>GARDEZ l\u2019original et remettrez nous une copie<\/p>\n","protected":false},"excerpt":{"rendered":"<p>1 \u2013 CONDITIONS D\u2019INSCRIPTION Documents pour la saison 2025-2026 :Fiche d&rsquo;inscriptionAdh\u00e9sion pour la nage \u00e0 l&rsquo;ile aux loisirs (Saison 2025-2026) Inscription via HelloAsso 2 \u2013 R\u00c8GLEMENT 3 \u2013 COTISATION Elle permet de couvrir : Elle ouvre droit \u00e0 : 4 \u2013 ASSURANCE De par la licence, une assurance responsabilit\u00e9 civile est octroy\u00e9e \u00e0 tout membre &hellip; <\/p>\n<p class=\"link-more\"><a href=\"https:\/\/paliers95.org\/index.php\/inscriptions\/\" class=\"more-link\">Continuer la lecture<span class=\"screen-reader-text\"> de &laquo;&nbsp;Inscriptions&nbsp;&raquo;<\/span><\/a><\/p>\n","protected":false},"author":1,"featured_media":0,"parent":0,"menu_order":0,"comment_status":"closed","ping_status":"closed","template":"","meta":{"om_disable_all_campaigns":false,"_monsterinsights_skip_tracking":false,"_monsterinsights_sitenote_active":false,"_monsterinsights_sitenote_note":"","_monsterinsights_sitenote_category":0,"footnotes":""},"class_list":["post-65","page","type-page","status-publish","hentry"],"aioseo_notices":[],"_links":{"self":[{"href":"https:\/\/paliers95.org\/index.php\/wp-json\/wp\/v2\/pages\/65","targetHints":{"allow":["GET"]}}],"collection":[{"href":"https:\/\/paliers95.org\/index.php\/wp-json\/wp\/v2\/pages"}],"about":[{"href":"https:\/\/paliers95.org\/index.php\/wp-json\/wp\/v2\/types\/page"}],"author":[{"embeddable":true,"href":"https:\/\/paliers95.org\/index.php\/wp-json\/wp\/v2\/users\/1"}],"replies":[{"embeddable":true,"href":"https:\/\/paliers95.org\/index.php\/wp-json\/wp\/v2\/comments?post=65"}],"version-history":[{"count":21,"href":"https:\/\/paliers95.org\/index.php\/wp-json\/wp\/v2\/pages\/65\/revisions"}],"predecessor-version":[{"id":891,"href":"https:\/\/paliers95.org\/index.php\/wp-json\/wp\/v2\/pages\/65\/revisions\/891"}],"wp:attachment":[{"href":"https:\/\/paliers95.org\/index.php\/wp-json\/wp\/v2\/media?parent=65"}],"curies":[{"name":"wp","href":"https:\/\/api.w.org\/{rel}","templated":true}]}}