{"id":74,"date":"2021-10-25T22:07:57","date_gmt":"2021-10-25T20:07:57","guid":{"rendered":"http:\/\/paliers95.org\/?page_id=74"},"modified":"2021-11-29T22:48:20","modified_gmt":"2021-11-29T21:48:20","slug":"certificat-medical-pour-la-plongee","status":"publish","type":"page","link":"https:\/\/paliers95.org\/index.php\/certificat-medical-pour-la-plongee\/","title":{"rendered":"Certificat m\u00e9dical pour la plong\u00e9e"},"content":{"rendered":"\n<h1 class=\"wp-block-heading\"><\/h1>\n\n\n\n<p><strong>Principes G\u00e9n\u00e9raux&nbsp;<\/strong>:<\/p>\n\n\n\n<ul class=\"wp-block-list\"><li>Le&nbsp;<strong>certificat<\/strong>&nbsp;m\u00e9dical est obligatoire pour cette discipline. Il peut \u00eatre fait par votre m\u00e9decin de famille qui doit utiliser obligatoirement le mod\u00e9le FFESSM ci dessous dans la rubrique Documents<\/li><li>Bien s\u00fbr,&nbsp;<strong>il est fortement conseill\u00e9 de vous adresser \u00e0 un sp\u00e9cialiste de la plong\u00e9e<\/strong>,&nbsp;<strong>un m\u00e9decin<\/strong>&nbsp;<strong>f\u00e9d\u00e9ral<\/strong>, consultez le site de la FFESSM<\/li><li>La plong\u00e9e scaphandre est autoris\u00e9e \u00e0 partir de 8 ans.<\/li><li>Pour faire plonger les enfants, la temp\u00e9rature de l\u2019eau ne doit pas \u00eatre inf\u00e9rieur \u00e0 12\u00b0 C.<\/li><li>Jusqu\u2019\u00e0 12 ans, une seule plong\u00e9e par jour autoris\u00e9e.<\/li><li>Obligation de faire appel \u00e0 un m\u00e9decin f\u00e9d\u00e9ral pour la plong\u00e9e&nbsp;<a rel=\"noreferrer noopener\" href=\"https:\/\/ffessm.fr\/pages.asp?p=186&amp;t=Handisub\" target=\"_blank\">Handisub<\/a>.<\/li><\/ul>\n\n\n\n<p><strong>Plong\u00e9e Exploration Jeunes&nbsp;<\/strong>:<\/p>\n\n\n\n<ul class=\"wp-block-list\"><li>Pour les enfants de&nbsp;&nbsp;8 ans faisant seulement un bapt\u00eame, un pack d\u00e9couverte ou un&nbsp;PE12,&nbsp;pas de&nbsp;<strong>certificat<\/strong>&nbsp;m\u00e9dical.<\/li><li>Pour les enfants de&nbsp;<strong>8 \u00e0 14 ans<\/strong>,&nbsp;<strong>tout m\u00e9decin<\/strong>, qui devra&nbsp;<strong>r\u00e9dig\u00e9 son&nbsp;certificat&nbsp;sur le&nbsp;mod\u00e8le FFESSM.<\/strong><\/li><li>Pour les enfants \u00e2ges de&nbsp;<strong>12 ou 13 ans et<\/strong>&nbsp;titulaire du&nbsp;<strong>Niveau 1<\/strong>,&nbsp;<strong>tout m\u00e9decin<\/strong>, qui devra&nbsp;<strong>r\u00e9dig\u00e9 son&nbsp;certificat&nbsp;sur le&nbsp;mod\u00e8le FFESSM.<\/strong><\/li><\/ul>\n\n\n\n<p><strong>Plong\u00e9e Formation Jeunes&nbsp;<\/strong>:<\/p>\n\n\n\n<ul class=\"wp-block-list\"><li>Pour les enfants \u00e2g\u00e9s de&nbsp;<strong>8 \u00e0 14 ans<\/strong>&nbsp;et pr\u00e9parant le niveau,&nbsp;<strong>Bronze<\/strong>,&nbsp;<strong>Argent<\/strong>&nbsp;et&nbsp;<strong>Or<\/strong>, le&nbsp;<strong>certificat<\/strong>&nbsp;m\u00e9dical (<strong>CACI<\/strong>) peut-\u00eatre&nbsp;<a rel=\"noreferrer noopener\" href=\"https:\/\/ffessm.fr\/ckfinder\/userfiles\/files\/pdf\/CACI_V_05_2018.pdf\" target=\"_blank\"><\/a>d\u00e9livr\u00e9 par&nbsp;<strong>tout m\u00e9decin<\/strong>, qui devra&nbsp;<strong>r\u00e9dig\u00e9 son&nbsp;certificat&nbsp;sur le&nbsp;mod\u00e8le FFESSM.<\/strong><\/li><li>Pour les jeunes \u00e0 partir de&nbsp;<strong>14 ans<\/strong>, pr\u00e9parant le&nbsp;<strong>Niveau 1<\/strong>,&nbsp;<strong>Niveau 2<\/strong>, le&nbsp;<strong>certificat<\/strong>&nbsp;m\u00e9dical (<strong>CACI<\/strong>) peut-\u00eatre d\u00e9livr\u00e9 par&nbsp;<strong>tout m\u00e9decin<\/strong>, qui devra&nbsp;<strong>r\u00e9dig\u00e9 son&nbsp;certificat&nbsp;sur le&nbsp;mod\u00e8le FFESSM.<\/strong><\/li><li>Bien s\u00fbr,&nbsp;<strong>il est fortement conseill\u00e9 de vous adresser \u00e0 un sp\u00e9cialiste de la plong\u00e9e<\/strong>,&nbsp;&nbsp;<strong>un m\u00e9decin<\/strong>&nbsp;<strong>f\u00e9d\u00e9ral<\/strong>, consultez le site de la f\u00e9d\u00e9ration FFESSM<\/li><\/ul>\n\n\n\n<figure class=\"wp-block-image\"><a href=\"https:\/\/ffessm.fr\/pages.asp?p=409&amp;t=DISPOSITIF+DU+CERTIFICAT+M%C3%89DICAL+2017%2F2018\" target=\"_blank\" rel=\"noreferrer noopener\"><img decoding=\"async\" src=\"https:\/\/ecoledeplongeejeunes.fr\/wp-content\/uploads\/2016\/09\/CACI-1024x707.jpg\" alt=\"\" class=\"wp-image-4101\"\/><\/a><\/figure>\n\n\n\n<h4 class=\"wp-block-heading\"><strong>Certificat<\/strong>&nbsp;m\u00e9dical et CoViD-19<\/h4>\n\n\n\n<p>Le Minist\u00e8re des sports :&nbsp;<\/p>\n\n\n\n<ul class=\"wp-block-list\"><li>Impose une consultation m\u00e9dicale pour les personnes ayant contract\u00e9 le Covid-19 (test RT-PCR positif et\/ou images sp\u00e9cifiques au scanner thoracique et\/ou symptomatologie \u00e9vocatrice d\u2019une atteinte par le Covid-19) avant la reprise de l\u2019activit\u00e9 sportive.&nbsp;<\/li><li>Conseille une consultation m\u00e9dicale pour les personnes pour lesquelles l\u2019activit\u00e9 physique a \u00e9t\u00e9 tr\u00e8s mod\u00e9r\u00e9e durant le confinement et\/ou pr\u00e9sentant une pathologie chronique.&nbsp;<\/li><\/ul>\n\n\n\n<p>La Commission M\u00e9dicale et de Pr\u00e9vention Nationale de la FFESSM pr\u00e9conisons une visite (ou une t\u00e9l\u00e9consultation) m\u00e9dicale de reprise de vos activit\u00e9s f\u00e9d\u00e9rales, m\u00eame si vous n\u2019avez pas eu de signe de Covid-19 :<\/p>\n\n\n\n<ul class=\"wp-block-list\"><li>En particulier si vous \u00eates en ALD, en surpoids ou si vous avez plus de 65 ans (afin d\u2019envisager les risques sp\u00e9cifiques face \u00e0 l\u2019\u00e9pid\u00e9mie de Covid-19)<\/li><li>En particulier si vous \u00eates suivi pour un probl\u00e8me de sant\u00e9 chronique : il faut vous assurer que votre pathologie est stable.<\/li><\/ul>\n\n\n\n<figure class=\"wp-block-image\"><img decoding=\"async\" src=\"https:\/\/www.plongee-plaisir.com\/fr\/wp-content\/uploads\/2020\/05\/cmpn-caci-covid.gif\" alt=\"\" class=\"wp-image-34230\"\/><figcaption>Recommandations de la CMPN-FFESSM (dossier complet sur medical.ffessm.fr)<\/figcaption><\/figure>\n\n\n\n<p><strong>Documents :<\/strong><\/p>\n\n\n\n<p><a href=\"https:\/\/ffessm.fr\/uploads\/media\/docs\/0001\/04\/1f94de0db9efc2cdc1f3bffcfa26f40ba71f1dc9.pdf\" target=\"_blank\" rel=\"noreferrer noopener\"><strong>Certificat<\/strong>\u00a0m\u00e9dical Mod\u00e8le FFESSM<\/a><\/p>\n","protected":false},"excerpt":{"rendered":"<p>Principes G\u00e9n\u00e9raux&nbsp;: Le&nbsp;certificat&nbsp;m\u00e9dical est obligatoire pour cette discipline. Il peut \u00eatre fait par votre m\u00e9decin de famille qui doit utiliser obligatoirement le mod\u00e9le FFESSM ci dessous dans la rubrique Documents Bien s\u00fbr,&nbsp;il est fortement conseill\u00e9 de vous adresser \u00e0 un sp\u00e9cialiste de la plong\u00e9e,&nbsp;un m\u00e9decin&nbsp;f\u00e9d\u00e9ral, consultez le site de la FFESSM La plong\u00e9e scaphandre est &hellip; <\/p>\n<p class=\"link-more\"><a href=\"https:\/\/paliers95.org\/index.php\/certificat-medical-pour-la-plongee\/\" class=\"more-link\">Continuer la lecture<span class=\"screen-reader-text\"> de &laquo;&nbsp;Certificat m\u00e9dical pour la plong\u00e9e&nbsp;&raquo;<\/span><\/a><\/p>\n","protected":false},"author":1,"featured_media":0,"parent":0,"menu_order":0,"comment_status":"closed","ping_status":"closed","template":"","meta":{"om_disable_all_campaigns":false,"_monsterinsights_skip_tracking":false,"_monsterinsights_sitenote_active":false,"_monsterinsights_sitenote_note":"","_monsterinsights_sitenote_category":0,"footnotes":""},"class_list":["post-74","page","type-page","status-publish","hentry"],"aioseo_notices":[],"_links":{"self":[{"href":"https:\/\/paliers95.org\/index.php\/wp-json\/wp\/v2\/pages\/74","targetHints":{"allow":["GET"]}}],"collection":[{"href":"https:\/\/paliers95.org\/index.php\/wp-json\/wp\/v2\/pages"}],"about":[{"href":"https:\/\/paliers95.org\/index.php\/wp-json\/wp\/v2\/types\/page"}],"author":[{"embeddable":true,"href":"https:\/\/paliers95.org\/index.php\/wp-json\/wp\/v2\/users\/1"}],"replies":[{"embeddable":true,"href":"https:\/\/paliers95.org\/index.php\/wp-json\/wp\/v2\/comments?post=74"}],"version-history":[{"count":4,"href":"https:\/\/paliers95.org\/index.php\/wp-json\/wp\/v2\/pages\/74\/revisions"}],"predecessor-version":[{"id":183,"href":"https:\/\/paliers95.org\/index.php\/wp-json\/wp\/v2\/pages\/74\/revisions\/183"}],"wp:attachment":[{"href":"https:\/\/paliers95.org\/index.php\/wp-json\/wp\/v2\/media?parent=74"}],"curies":[{"name":"wp","href":"https:\/\/api.w.org\/{rel}","templated":true}]}}