{"id":88,"date":"2021-10-25T22:22:27","date_gmt":"2021-10-25T20:22:27","guid":{"rendered":"http:\/\/paliers95.org\/?page_id=88"},"modified":"2025-08-25T10:39:05","modified_gmt":"2025-08-25T08:39:05","slug":"les-moniteurs","status":"publish","type":"page","link":"https:\/\/paliers95.org\/index.php\/les-moniteurs\/","title":{"rendered":"Les moniteurs"},"content":{"rendered":"\n<h1 class=\"wp-block-heading\"><\/h1>\n\n\n\n<p>Quelques mots sur l\u2019encadrement des groupes \u00e0 l\u2019entra\u00eenement :<\/p>\n\n\n\n<ul class=\"wp-block-list\">\n<li>Pour la plupart,&nbsp;les responsables ont derri\u00e8re eux de nombreuses ann\u00e9es de plong\u00e9e. Un enseignement f\u00e9d\u00e9ral sanctionn\u00e9 par des brevets leur permet d\u2019initier la plong\u00e9e.<\/li>\n\n\n\n<li>Suivez leurs conseils en toute confiance, n\u2019h\u00e9sitez pas \u00e0 leur poser des questions, participez s\u00e9rieusement aux exercices. Vous constaterez rapidement que leur souhait est de vous faire partager leur savoir, leur exp\u00e9rience et leur passion.<\/li>\n\n\n\n<li>Ils ont tous le m\u00eame point commun : la passion de la plong\u00e9e. Profitez-en bien.<\/li>\n<\/ul>\n\n\n\n<figure class=\"wp-block-table\"><table><tbody><tr><td><img decoding=\"async\" src=\"https:\/\/paliers95.org\/wp-content\/uploads\/2022\/01\/20220103_230108-2-768x1024.jpg\" alt=\"L\u2019attribut alt de cette image est vide, son nom de fichier est 20220103_230108-2-768x1024.jpg.\" style=\"width: 170px;\"><\/td><td>Joel<br>Moniteur MF1 <\/td><\/tr><tr><td><img decoding=\"async\" src=\"https:\/\/paliers95.org\/wp-content\/uploads\/2022\/01\/20220105_210442-768x1024.jpg\" alt=\"L\u2019attribut alt de cette image est vide, son nom de fichier est 20220105_210442-768x1024.jpg.\" style=\"width: 170px;\"><\/td><td>Olivier Durand<br>Initiateur E2<\/td><\/tr><tr><td><img decoding=\"async\" src=\"https:\/\/paliers95.org\/wp-content\/uploads\/2022\/01\/20220110_231319-768x1024.jpg\" alt=\"L\u2019attribut alt de cette image est vide, son nom de fichier est 20220110_231319-768x1024.jpg.\" style=\"width: 170px;\"><\/td><td>Emmanuel Tetrel<br>Initiateur E2<\/td><\/tr><tr><td><img decoding=\"async\" src=\"https:\/\/paliers95.org\/wp-content\/uploads\/2022\/01\/20220103_213827-768x1024.jpg\" alt=\"L\u2019attribut alt de cette image est vide, son nom de fichier est 20220103_213827-768x1024.jpg.\" style=\"width: 170px;\"><\/td><td>Eric De Smedt<br>Initiateur E2<\/td><\/tr><tr><td><img decoding=\"async\" src=\"https:\/\/paliers95.org\/wp-content\/uploads\/2022\/01\/20220103_213617-768x1024.jpg\" alt=\"L\u2019attribut alt de cette image est vide, son nom de fichier est 20220103_213617-768x1024.jpg.\" style=\"width: 170px;\"><\/td><td>Sylvie Hamoignon<br>Initiateur E2<\/td><\/tr><tr><td><img decoding=\"async\" src=\"https:\/\/paliers95.org\/wp-content\/uploads\/2022\/01\/20220103_230147-768x1024.jpg\" alt=\"L\u2019attribut alt de cette image est vide, son nom de fichier est 20220103_230147-768x1024.jpg.\" style=\"width: 170px;\"><\/td><td>Daniel Repon<br>Initiateur E2<\/td><\/tr><tr><td><img decoding=\"async\" src=\"https:\/\/paliers95.org\/wp-content\/uploads\/2022\/01\/20220103_213759-768x1024.jpg\" alt=\"L\u2019attribut alt de cette image est vide, son nom de fichier est 20220103_213759-768x1024.jpg.\" style=\"width: 170px;\"><\/td><td>Thierry Robin<br>Initiateur E2<\/td><\/tr><tr><td><img decoding=\"async\" src=\"https:\/\/paliers95.org\/wp-content\/uploads\/2022\/01\/20220110_212839-768x1024.jpg\" alt=\"L\u2019attribut alt de cette image est vide, son nom de fichier est 20220110_212839-768x1024.jpg.\" style=\"width: 170px;\"><\/td><td>Jean-Roger Bruneau<br>Initiateur E2<\/td><\/tr><tr><td><img decoding=\"async\" src=\"https:\/\/paliers95.org\/wp-content\/uploads\/2022\/01\/20220110_231354-768x1024.jpg\" alt=\"L\u2019attribut alt de cette image est vide, son nom de fichier est 20220110_231354-768x1024.jpg.\" style=\"width: 170px;\"><\/td><td>Alice Sainjon<br>Initiateur E2<\/td><\/tr><tr><td><\/td><td>Caroline Pirbay <br>Initiateur E2<\/td><\/tr><tr><td><\/td><td>Marion Reynaert<br>Initiateur E1 <\/td><\/tr><tr><td><\/td><td>Fabrice Bernard<br>Initiateur E2<\/td><\/tr><\/tbody><\/table><\/figure>\n","protected":false},"excerpt":{"rendered":"<p>Quelques mots sur l\u2019encadrement des groupes \u00e0 l\u2019entra\u00eenement : JoelMoniteur MF1 Olivier DurandInitiateur E2 Emmanuel TetrelInitiateur E2 Eric De SmedtInitiateur E2 Sylvie HamoignonInitiateur E2 Daniel ReponInitiateur E2 Thierry RobinInitiateur E2 Jean-Roger BruneauInitiateur E2 Alice SainjonInitiateur E2 Caroline Pirbay Initiateur E2 Marion ReynaertInitiateur E1 Fabrice BernardInitiateur E2<\/p>\n","protected":false},"author":1,"featured_media":0,"parent":0,"menu_order":0,"comment_status":"closed","ping_status":"closed","template":"","meta":{"om_disable_all_campaigns":false,"_monsterinsights_skip_tracking":false,"_monsterinsights_sitenote_active":false,"_monsterinsights_sitenote_note":"","_monsterinsights_sitenote_category":0,"footnotes":""},"class_list":["post-88","page","type-page","status-publish","hentry"],"aioseo_notices":[],"_links":{"self":[{"href":"https:\/\/paliers95.org\/index.php\/wp-json\/wp\/v2\/pages\/88","targetHints":{"allow":["GET"]}}],"collection":[{"href":"https:\/\/paliers95.org\/index.php\/wp-json\/wp\/v2\/pages"}],"about":[{"href":"https:\/\/paliers95.org\/index.php\/wp-json\/wp\/v2\/types\/page"}],"author":[{"embeddable":true,"href":"https:\/\/paliers95.org\/index.php\/wp-json\/wp\/v2\/users\/1"}],"replies":[{"embeddable":true,"href":"https:\/\/paliers95.org\/index.php\/wp-json\/wp\/v2\/comments?post=88"}],"version-history":[{"count":8,"href":"https:\/\/paliers95.org\/index.php\/wp-json\/wp\/v2\/pages\/88\/revisions"}],"predecessor-version":[{"id":902,"href":"https:\/\/paliers95.org\/index.php\/wp-json\/wp\/v2\/pages\/88\/revisions\/902"}],"wp:attachment":[{"href":"https:\/\/paliers95.org\/index.php\/wp-json\/wp\/v2\/media?parent=88"}],"curies":[{"name":"wp","href":"https:\/\/api.w.org\/{rel}","templated":true}]}}