{"id":90,"date":"2021-10-25T22:28:41","date_gmt":"2021-10-25T20:28:41","guid":{"rendered":"http:\/\/paliers95.org\/?page_id=90"},"modified":"2025-08-25T10:36:12","modified_gmt":"2025-08-25T08:36:12","slug":"le-bureau","status":"publish","type":"page","link":"https:\/\/paliers95.org\/index.php\/le-bureau\/","title":{"rendered":"Le\u00a0bureau"},"content":{"rendered":"\n<h1 class=\"wp-block-heading\"><\/h1>\n\n\n\n<p class=\"has-text-align-left\">Le &nbsp;comit\u00e9 directeur du club en cours se compose des personnes suivantes :<\/p>\n\n\n\n<div class=\"wp-block-columns is-layout-flex wp-container-core-columns-is-layout-9d6595d7 wp-block-columns-is-layout-flex\">\n<div class=\"wp-block-column is-layout-flow wp-block-column-is-layout-flow\" style=\"flex-basis:100%\">\n<figure class=\"wp-block-table aligncenter\"><table><tbody><tr><td><a href=\"https:\/\/paliers95.org\/wp-content\/uploads\/2014\/01\/marie.jpg\"><\/a>Eric De Smedt <br><strong>Pr\u00e9sident<\/strong><\/td><td>Didier Goubin<br><strong>Tr\u00e9sorier<\/strong><\/td><td>Adrien Salvatico<a href=\"https:\/\/paliers95.org\/wp-content\/uploads\/2014\/01\/marie.jpg\"><br><\/a><strong>Secr\u00e9taire<\/strong><\/td><\/tr><tr><td><br>Thierry Robin<br><strong>Responsable mat\u00e9riel<\/strong><\/td><td><a href=\"https:\/\/paliers95.org\/wp-content\/uploads\/2014\/01\/manu.jpg\"><\/a><strong>Les commissions<\/strong><br>Alice Sainjon<br><strong>Responsable Sorties <\/strong><\/td><td><br><\/td><\/tr><\/tbody><\/table><\/figure>\n<\/div>\n<\/div>\n\n\n\n<p>N\u2019h\u00e9sitez pas \u00e0 entrer en contact avec eux si vous avez besoin d\u2019informations (voir&nbsp;<a href=\"https:\/\/paliers95.org\/index.php\/nous-contacter\/\">la page Nous contacter<\/a>). Derni\u00e8re pr\u00e9cision : ils sont tous b\u00e9n\u00e9voles et passent beaucoup de temps pour&nbsp;le bon fonctionnement du club et la passion de la plong\u00e9e !<\/p>\n\n\n\n<p><\/p>\n","protected":false},"excerpt":{"rendered":"<p>Le &nbsp;comit\u00e9 directeur du club en cours se compose des personnes suivantes : Eric De Smedt Pr\u00e9sident Didier GoubinTr\u00e9sorier Adrien SalvaticoSecr\u00e9taire Thierry RobinResponsable mat\u00e9riel Les commissionsAlice SainjonResponsable Sorties N\u2019h\u00e9sitez pas \u00e0 entrer en contact avec eux si vous avez besoin d\u2019informations (voir&nbsp;la page Nous contacter). Derni\u00e8re pr\u00e9cision : ils sont tous b\u00e9n\u00e9voles et passent beaucoup &hellip; <\/p>\n<p class=\"link-more\"><a href=\"https:\/\/paliers95.org\/index.php\/le-bureau\/\" class=\"more-link\">Continuer la lecture<span class=\"screen-reader-text\"> de &laquo;&nbsp;Le\u00a0bureau&nbsp;&raquo;<\/span><\/a><\/p>\n","protected":false},"author":1,"featured_media":0,"parent":0,"menu_order":0,"comment_status":"closed","ping_status":"closed","template":"","meta":{"om_disable_all_campaigns":false,"_monsterinsights_skip_tracking":false,"_monsterinsights_sitenote_active":false,"_monsterinsights_sitenote_note":"","_monsterinsights_sitenote_category":0,"footnotes":""},"class_list":["post-90","page","type-page","status-publish","hentry"],"aioseo_notices":[],"_links":{"self":[{"href":"https:\/\/paliers95.org\/index.php\/wp-json\/wp\/v2\/pages\/90","targetHints":{"allow":["GET"]}}],"collection":[{"href":"https:\/\/paliers95.org\/index.php\/wp-json\/wp\/v2\/pages"}],"about":[{"href":"https:\/\/paliers95.org\/index.php\/wp-json\/wp\/v2\/types\/page"}],"author":[{"embeddable":true,"href":"https:\/\/paliers95.org\/index.php\/wp-json\/wp\/v2\/users\/1"}],"replies":[{"embeddable":true,"href":"https:\/\/paliers95.org\/index.php\/wp-json\/wp\/v2\/comments?post=90"}],"version-history":[{"count":7,"href":"https:\/\/paliers95.org\/index.php\/wp-json\/wp\/v2\/pages\/90\/revisions"}],"predecessor-version":[{"id":900,"href":"https:\/\/paliers95.org\/index.php\/wp-json\/wp\/v2\/pages\/90\/revisions\/900"}],"wp:attachment":[{"href":"https:\/\/paliers95.org\/index.php\/wp-json\/wp\/v2\/media?parent=90"}],"curies":[{"name":"wp","href":"https:\/\/api.w.org\/{rel}","templated":true}]}}