{"id":917,"date":"2025-12-08T09:28:51","date_gmt":"2025-12-08T08:28:51","guid":{"rendered":"https:\/\/paliers95.org\/?page_id=917"},"modified":"2025-12-08T12:01:46","modified_gmt":"2025-12-08T11:01:46","slug":"notre-boutique","status":"publish","type":"page","link":"https:\/\/paliers95.org\/index.php\/notre-boutique\/","title":{"rendered":"Notre Boutique"},"content":{"rendered":"\n<figure class=\"wp-block-image size-large\"><img loading=\"lazy\" decoding=\"async\" width=\"1024\" height=\"376\" src=\"https:\/\/paliers95.org\/wp-content\/uploads\/2025\/12\/image-1024x376.png\" alt=\"\" class=\"wp-image-921\" srcset=\"https:\/\/paliers95.org\/wp-content\/uploads\/2025\/12\/image-1024x376.png 1024w, https:\/\/paliers95.org\/wp-content\/uploads\/2025\/12\/image-300x110.png 300w, https:\/\/paliers95.org\/wp-content\/uploads\/2025\/12\/image-768x282.png 768w, https:\/\/paliers95.org\/wp-content\/uploads\/2025\/12\/image.png 1395w\" sizes=\"auto, (max-width: 767px) 89vw, (max-width: 1000px) 54vw, (max-width: 1071px) 543px, 580px\" \/><\/figure>\n\n\n\n<p>Bienvenue sur notre boutique priv\u00e9e chez <strong>SC Cr\u00e9ation<\/strong> \u00e0 Menucourt.<br>\ud83d\udc49 <a href=\"https:\/\/sc-creations.fr\/categorie-produit\/espace-prive\/palier-95\/\">Espace priv\u00e9 &#8211; SC Cr\u00e9ations<\/a><\/p>\n\n\n\n<p><strong>Mot de passe :<\/strong> Veuillez le demander \u00e0 un membre du bureau.<\/p>\n\n\n\n<p><strong>Comment passer commande ?<\/strong><\/p>\n\n\n\n<ul class=\"wp-block-list\">\n<li>S\u00e9lectionnez vos articles et votre taille directement sur le site SC Cr\u00e9ation.<\/li>\n\n\n\n<li>R\u00e9glez votre commande en ligne en toute s\u00e9curit\u00e9.<\/li>\n<\/ul>\n\n\n\n<p><strong>Livraison :<\/strong><\/p>\n\n\n\n<ul class=\"wp-block-list\">\n<li>Indiquez <strong>\u00ab enl\u00e8vement \u00e0 Menucourt \u00bb<\/strong> pour \u00e9viter des frais suppl\u00e9mentaires.<\/li>\n\n\n\n<li>Si vous choisissez la livraison \u00e0 domicile, des frais seront ajout\u00e9s.<\/li>\n<\/ul>\n\n\n\n<p><strong>D\u00e9lai :<\/strong><br>Environ <strong>3 semaines<\/strong> pour la pr\u00e9paration et la livraison.<\/p>\n\n\n\n<p><\/p>\n","protected":false},"excerpt":{"rendered":"<p>Bienvenue sur notre boutique priv\u00e9e chez SC Cr\u00e9ation \u00e0 Menucourt.\ud83d\udc49 Espace priv\u00e9 &#8211; SC Cr\u00e9ations Mot de passe : Veuillez le demander \u00e0 un membre du bureau. Comment passer commande ? Livraison : D\u00e9lai :Environ 3 semaines pour la pr\u00e9paration et la livraison.<\/p>\n","protected":false},"author":1,"featured_media":0,"parent":0,"menu_order":0,"comment_status":"closed","ping_status":"closed","template":"","meta":{"om_disable_all_campaigns":false,"_monsterinsights_skip_tracking":false,"_monsterinsights_sitenote_active":false,"_monsterinsights_sitenote_note":"","_monsterinsights_sitenote_category":0,"footnotes":""},"class_list":["post-917","page","type-page","status-publish","hentry"],"aioseo_notices":[],"_links":{"self":[{"href":"https:\/\/paliers95.org\/index.php\/wp-json\/wp\/v2\/pages\/917","targetHints":{"allow":["GET"]}}],"collection":[{"href":"https:\/\/paliers95.org\/index.php\/wp-json\/wp\/v2\/pages"}],"about":[{"href":"https:\/\/paliers95.org\/index.php\/wp-json\/wp\/v2\/types\/page"}],"author":[{"embeddable":true,"href":"https:\/\/paliers95.org\/index.php\/wp-json\/wp\/v2\/users\/1"}],"replies":[{"embeddable":true,"href":"https:\/\/paliers95.org\/index.php\/wp-json\/wp\/v2\/comments?post=917"}],"version-history":[{"count":5,"href":"https:\/\/paliers95.org\/index.php\/wp-json\/wp\/v2\/pages\/917\/revisions"}],"predecessor-version":[{"id":927,"href":"https:\/\/paliers95.org\/index.php\/wp-json\/wp\/v2\/pages\/917\/revisions\/927"}],"wp:attachment":[{"href":"https:\/\/paliers95.org\/index.php\/wp-json\/wp\/v2\/media?parent=917"}],"curies":[{"name":"wp","href":"https:\/\/api.w.org\/{rel}","templated":true}]}}